{"id":87,"date":"2025-03-06T21:10:34","date_gmt":"2025-03-06T21:10:34","guid":{"rendered":"http:\/\/buildandplay.fr\/?page_id=87"},"modified":"2026-01-07T13:00:01","modified_gmt":"2026-01-07T13:00:01","slug":"packages","status":"publish","type":"page","link":"https:\/\/buildandplay.fr\/en\/packages\/","title":{"rendered":"Packages"},"content":{"rendered":"<p>Here you will find a list of the various packages you can use to create your own missions. These packages are either included in the basic installation or can be downloaded from the software (0.13.0 or higher).<\/p>\n\n\n<div class=\"wp-block-image\">\n<figure class=\"aligncenter size-large is-resized\"><img loading=\"lazy\" decoding=\"async\" width=\"1024\" height=\"373\" src=\"http:\/\/buildandplay.fr\/wp-content\/uploads\/2025\/04\/Thumbnail-1024x373.jpg\" alt=\"\" class=\"wp-image-360\" style=\"width:440px;height:auto\" srcset=\"https:\/\/buildandplay.fr\/wp-content\/uploads\/2025\/04\/Thumbnail-1024x373.jpg 1024w, https:\/\/buildandplay.fr\/wp-content\/uploads\/2025\/04\/Thumbnail-300x109.jpg 300w, https:\/\/buildandplay.fr\/wp-content\/uploads\/2025\/04\/Thumbnail-768x280.jpg 768w, https:\/\/buildandplay.fr\/wp-content\/uploads\/2025\/04\/Thumbnail.jpg 1508w\" sizes=\"auto, (max-width: 1024px) 100vw, 1024px\" \/><\/figure>\n<\/div>\n\n\n<p class=\"has-text-align-center\">Contient l&rsquo;int\u00e9gralit\u00e9 du contenu de la campagne Kickstarter.<\/p>\n\n\n<div class=\"wp-block-image\">\n<figure class=\"aligncenter size-full is-resized\"><img loading=\"lazy\" decoding=\"async\" width=\"970\" height=\"300\" src=\"http:\/\/buildandplay.fr\/wp-content\/uploads\/2025\/04\/thumbnail-1.png\" alt=\"\" class=\"wp-image-367\" style=\"width:439px;height:auto\" srcset=\"https:\/\/buildandplay.fr\/wp-content\/uploads\/2025\/04\/thumbnail-1.png 970w, https:\/\/buildandplay.fr\/wp-content\/uploads\/2025\/04\/thumbnail-1-300x93.png 300w, https:\/\/buildandplay.fr\/wp-content\/uploads\/2025\/04\/thumbnail-1-768x238.png 768w\" sizes=\"auto, (max-width: 970px) 100vw, 970px\" \/><\/figure>\n<\/div>\n\n<div class=\"wp-block-image\">\n<figure class=\"aligncenter size-large is-resized\"><img loading=\"lazy\" decoding=\"async\" width=\"1024\" height=\"352\" src=\"http:\/\/buildandplay.fr\/wp-content\/uploads\/2025\/04\/thumbnail-2-1024x352.png\" alt=\"\" class=\"wp-image-368\" style=\"width:450px;height:auto\" srcset=\"https:\/\/buildandplay.fr\/wp-content\/uploads\/2025\/04\/thumbnail-2-1024x352.png 1024w, https:\/\/buildandplay.fr\/wp-content\/uploads\/2025\/04\/thumbnail-2-300x103.png 300w, https:\/\/buildandplay.fr\/wp-content\/uploads\/2025\/04\/thumbnail-2-768x264.png 768w, https:\/\/buildandplay.fr\/wp-content\/uploads\/2025\/04\/thumbnail-2.png 1056w\" sizes=\"auto, (max-width: 1024px) 100vw, 1024px\" \/><\/figure>\n<\/div>\n\n\n<br>\n\n\n<div class=\"wp-block-image\">\n<figure class=\"aligncenter size-full is-resized\"><img loading=\"lazy\" decoding=\"async\" width=\"761\" height=\"245\" src=\"http:\/\/buildandplay.fr\/wp-content\/uploads\/2025\/04\/Thumbnail-1.jpg\" alt=\"\" class=\"wp-image-369\" style=\"width:449px;height:auto\" srcset=\"https:\/\/buildandplay.fr\/wp-content\/uploads\/2025\/04\/Thumbnail-1.jpg 761w, https:\/\/buildandplay.fr\/wp-content\/uploads\/2025\/04\/Thumbnail-1-300x97.jpg 300w\" sizes=\"auto, (max-width: 761px) 100vw, 761px\" \/><\/figure>\n<\/div>\n\n\n<p class=\"has-text-align-center\">Contient l&rsquo;int\u00e9gralit\u00e9 du contenu de la campagne Kickstarter.<\/p>\n\n\n<div class=\"wp-block-image\">\n<figure class=\"aligncenter size-full is-resized\"><img loading=\"lazy\" decoding=\"async\" width=\"738\" height=\"418\" src=\"https:\/\/buildandplay.fr\/wp-content\/uploads\/2025\/06\/thumbnail-3.jpg\" alt=\"\" class=\"wp-image-541\" style=\"width:460px;height:auto\" srcset=\"https:\/\/buildandplay.fr\/wp-content\/uploads\/2025\/06\/thumbnail-3.jpg 738w, https:\/\/buildandplay.fr\/wp-content\/uploads\/2025\/06\/thumbnail-3-300x170.jpg 300w\" sizes=\"auto, (max-width: 738px) 100vw, 738px\" \/><\/figure>\n<\/div>\n\n<div class=\"wp-block-image\">\n<figure class=\"aligncenter size-full is-resized\"><img loading=\"lazy\" decoding=\"async\" width=\"675\" height=\"402\" src=\"https:\/\/buildandplay.fr\/wp-content\/uploads\/2025\/06\/thumbnail-4.jpg\" alt=\"\" class=\"wp-image-544\" style=\"width:455px;height:auto\" srcset=\"https:\/\/buildandplay.fr\/wp-content\/uploads\/2025\/06\/thumbnail-4.jpg 675w, https:\/\/buildandplay.fr\/wp-content\/uploads\/2025\/06\/thumbnail-4-300x179.jpg 300w\" sizes=\"auto, (max-width: 675px) 100vw, 675px\" \/><\/figure>\n<\/div>\n\n<div class=\"wp-block-image\">\n<figure class=\"aligncenter size-full is-resized\"><img loading=\"lazy\" decoding=\"async\" width=\"599\" height=\"328\" src=\"https:\/\/buildandplay.fr\/wp-content\/uploads\/2026\/01\/thumbnail-3.jpg\" alt=\"\" class=\"wp-image-620\" style=\"width:457px;height:auto\" srcset=\"https:\/\/buildandplay.fr\/wp-content\/uploads\/2026\/01\/thumbnail-3.jpg 599w, https:\/\/buildandplay.fr\/wp-content\/uploads\/2026\/01\/thumbnail-3-300x164.jpg 300w, https:\/\/buildandplay.fr\/wp-content\/uploads\/2026\/01\/thumbnail-3-18x10.jpg 18w\" sizes=\"auto, (max-width: 599px) 100vw, 599px\" \/><\/figure>\n<\/div>\n\n<div class=\"wp-block-image\">\n<figure class=\"aligncenter size-full is-resized\"><img loading=\"lazy\" decoding=\"async\" width=\"684\" height=\"378\" src=\"https:\/\/buildandplay.fr\/wp-content\/uploads\/2026\/01\/thumbnail-6.jpg\" alt=\"\" class=\"wp-image-624\" style=\"width:456px;height:auto\" srcset=\"https:\/\/buildandplay.fr\/wp-content\/uploads\/2026\/01\/thumbnail-6.jpg 684w, https:\/\/buildandplay.fr\/wp-content\/uploads\/2026\/01\/thumbnail-6-300x166.jpg 300w, https:\/\/buildandplay.fr\/wp-content\/uploads\/2026\/01\/thumbnail-6-18x10.jpg 18w\" sizes=\"auto, (max-width: 684px) 100vw, 684px\" \/><\/figure>\n<\/div>\n\n\n<br>\n\n\n<div class=\"wp-block-image\">\n<figure class=\"aligncenter size-large is-resized\"><img loading=\"lazy\" decoding=\"async\" width=\"1024\" height=\"596\" src=\"http:\/\/buildandplay.fr\/wp-content\/uploads\/2025\/04\/Thumbnail-2-1024x596.jpg\" alt=\"\" class=\"wp-image-370\" style=\"width:447px;height:auto\" srcset=\"https:\/\/buildandplay.fr\/wp-content\/uploads\/2025\/04\/Thumbnail-2-1024x596.jpg 1024w, https:\/\/buildandplay.fr\/wp-content\/uploads\/2025\/04\/Thumbnail-2-300x175.jpg 300w, https:\/\/buildandplay.fr\/wp-content\/uploads\/2025\/04\/Thumbnail-2-768x447.jpg 768w, https:\/\/buildandplay.fr\/wp-content\/uploads\/2025\/04\/Thumbnail-2-1536x894.jpg 1536w, https:\/\/buildandplay.fr\/wp-content\/uploads\/2025\/04\/Thumbnail-2.jpg 1824w\" sizes=\"auto, (max-width: 1024px) 100vw, 1024px\" \/><\/figure>\n<\/div>\n\n<div class=\"wp-block-image\">\n<figure class=\"aligncenter size-full is-resized\"><img loading=\"lazy\" decoding=\"async\" width=\"661\" height=\"187\" src=\"http:\/\/buildandplay.fr\/wp-content\/uploads\/2025\/04\/Thumbnail-6.jpg\" alt=\"\" class=\"wp-image-377\" style=\"width:441px;height:auto\" srcset=\"https:\/\/buildandplay.fr\/wp-content\/uploads\/2025\/04\/Thumbnail-6.jpg 661w, https:\/\/buildandplay.fr\/wp-content\/uploads\/2025\/04\/Thumbnail-6-300x85.jpg 300w\" sizes=\"auto, (max-width: 661px) 100vw, 661px\" \/><\/figure>\n<\/div>\n\n<div class=\"wp-block-image\">\n<figure class=\"aligncenter size-large is-resized\"><img loading=\"lazy\" decoding=\"async\" width=\"1024\" height=\"322\" src=\"http:\/\/buildandplay.fr\/wp-content\/uploads\/2025\/04\/Thumbnail-3-1024x322.jpg\" alt=\"\" class=\"wp-image-373\" style=\"width:442px;height:auto\" srcset=\"https:\/\/buildandplay.fr\/wp-content\/uploads\/2025\/04\/Thumbnail-3-1024x322.jpg 1024w, https:\/\/buildandplay.fr\/wp-content\/uploads\/2025\/04\/Thumbnail-3-300x94.jpg 300w, https:\/\/buildandplay.fr\/wp-content\/uploads\/2025\/04\/Thumbnail-3-768x241.jpg 768w, https:\/\/buildandplay.fr\/wp-content\/uploads\/2025\/04\/Thumbnail-3.jpg 1203w\" sizes=\"auto, (max-width: 1024px) 100vw, 1024px\" \/><\/figure>\n<\/div>\n\n<div class=\"wp-block-image\">\n<figure class=\"aligncenter size-large is-resized\"><img loading=\"lazy\" decoding=\"async\" width=\"1024\" height=\"281\" src=\"http:\/\/buildandplay.fr\/wp-content\/uploads\/2025\/04\/Thumbnail-4-1024x281.png\" alt=\"\" class=\"wp-image-372\" style=\"width:440px;height:auto\" srcset=\"https:\/\/buildandplay.fr\/wp-content\/uploads\/2025\/04\/Thumbnail-4-1024x281.png 1024w, https:\/\/buildandplay.fr\/wp-content\/uploads\/2025\/04\/Thumbnail-4-300x82.png 300w, https:\/\/buildandplay.fr\/wp-content\/uploads\/2025\/04\/Thumbnail-4-768x211.png 768w, https:\/\/buildandplay.fr\/wp-content\/uploads\/2025\/04\/Thumbnail-4-1536x421.png 1536w, https:\/\/buildandplay.fr\/wp-content\/uploads\/2025\/04\/Thumbnail-4-2048x562.png 2048w\" sizes=\"auto, (max-width: 1024px) 100vw, 1024px\" \/><\/figure>\n<\/div>\n\n<div class=\"wp-block-image\">\n<figure class=\"aligncenter size-large is-resized\"><img loading=\"lazy\" decoding=\"async\" width=\"1024\" height=\"503\" src=\"https:\/\/buildandplay.fr\/wp-content\/uploads\/2025\/05\/Thumbnail-1-1024x503.jpg\" alt=\"\" class=\"wp-image-510\" style=\"width:440px;height:auto\" srcset=\"https:\/\/buildandplay.fr\/wp-content\/uploads\/2025\/05\/Thumbnail-1-1024x503.jpg 1024w, https:\/\/buildandplay.fr\/wp-content\/uploads\/2025\/05\/Thumbnail-1-300x147.jpg 300w, https:\/\/buildandplay.fr\/wp-content\/uploads\/2025\/05\/Thumbnail-1-768x377.jpg 768w, https:\/\/buildandplay.fr\/wp-content\/uploads\/2025\/05\/Thumbnail-1.jpg 1158w\" sizes=\"auto, (max-width: 1024px) 100vw, 1024px\" \/><\/figure>\n<\/div>\n\n<div class=\"wp-block-image\">\n<figure class=\"aligncenter size-large is-resized\"><img loading=\"lazy\" decoding=\"async\" width=\"1024\" height=\"440\" src=\"https:\/\/buildandplay.fr\/wp-content\/uploads\/2026\/01\/thumbnail-4-1024x440.jpg\" alt=\"\" class=\"wp-image-621\" style=\"aspect-ratio:2.327299685475591;width:444px;height:auto\" srcset=\"https:\/\/buildandplay.fr\/wp-content\/uploads\/2026\/01\/thumbnail-4-1024x440.jpg 1024w, https:\/\/buildandplay.fr\/wp-content\/uploads\/2026\/01\/thumbnail-4-300x129.jpg 300w, https:\/\/buildandplay.fr\/wp-content\/uploads\/2026\/01\/thumbnail-4-768x330.jpg 768w, https:\/\/buildandplay.fr\/wp-content\/uploads\/2026\/01\/thumbnail-4-18x8.jpg 18w, https:\/\/buildandplay.fr\/wp-content\/uploads\/2026\/01\/thumbnail-4.jpg 1058w\" sizes=\"auto, (max-width: 1024px) 100vw, 1024px\" \/><\/figure>\n<\/div>\n\n\n<p class=\"has-text-align-center\">Edition des cartes de personnage pour Zombicide V2.<\/p>\n\n\n<div class=\"wp-block-image\">\n<figure class=\"aligncenter size-full is-resized\"><img loading=\"lazy\" decoding=\"async\" width=\"903\" height=\"381\" src=\"https:\/\/buildandplay.fr\/wp-content\/uploads\/2026\/01\/thumbnail-5.jpg\" alt=\"\" class=\"wp-image-622\" style=\"aspect-ratio:2.3700917680032547;width:443px;height:auto\" srcset=\"https:\/\/buildandplay.fr\/wp-content\/uploads\/2026\/01\/thumbnail-5.jpg 903w, https:\/\/buildandplay.fr\/wp-content\/uploads\/2026\/01\/thumbnail-5-300x127.jpg 300w, https:\/\/buildandplay.fr\/wp-content\/uploads\/2026\/01\/thumbnail-5-768x324.jpg 768w, https:\/\/buildandplay.fr\/wp-content\/uploads\/2026\/01\/thumbnail-5-18x8.jpg 18w\" sizes=\"auto, (max-width: 903px) 100vw, 903px\" \/><\/figure>\n<\/div>\n\n\n<p class=\"has-text-align-center\">Edition des cartes d&rsquo;\u00e9quipement pour Zombicide V2.<\/p>\n\n\n\n<br>\n\n\n<div class=\"wp-block-image\">\n<figure class=\"aligncenter size-large is-resized\"><img loading=\"lazy\" decoding=\"async\" width=\"1024\" height=\"450\" src=\"https:\/\/buildandplay.fr\/wp-content\/uploads\/2025\/05\/thumbnail-1024x450.jpg\" alt=\"\" class=\"wp-image-506\" style=\"width:437px;height:auto\" srcset=\"https:\/\/buildandplay.fr\/wp-content\/uploads\/2025\/05\/thumbnail-1024x450.jpg 1024w, https:\/\/buildandplay.fr\/wp-content\/uploads\/2025\/05\/thumbnail-300x132.jpg 300w, https:\/\/buildandplay.fr\/wp-content\/uploads\/2025\/05\/thumbnail-768x337.jpg 768w, https:\/\/buildandplay.fr\/wp-content\/uploads\/2025\/05\/thumbnail-1536x675.jpg 1536w, https:\/\/buildandplay.fr\/wp-content\/uploads\/2025\/05\/thumbnail.jpg 1824w\" sizes=\"auto, (max-width: 1024px) 100vw, 1024px\" \/><\/figure>\n<\/div>\n\n<div class=\"wp-block-image\">\n<figure class=\"aligncenter size-large is-resized\"><img loading=\"lazy\" decoding=\"async\" width=\"1024\" height=\"486\" src=\"https:\/\/buildandplay.fr\/wp-content\/uploads\/2025\/05\/Thumbnail-2-1024x486.jpg\" alt=\"\" class=\"wp-image-520\" style=\"width:436px;height:auto\" srcset=\"https:\/\/buildandplay.fr\/wp-content\/uploads\/2025\/05\/Thumbnail-2-1024x486.jpg 1024w, https:\/\/buildandplay.fr\/wp-content\/uploads\/2025\/05\/Thumbnail-2-300x142.jpg 300w, https:\/\/buildandplay.fr\/wp-content\/uploads\/2025\/05\/Thumbnail-2-768x365.jpg 768w, https:\/\/buildandplay.fr\/wp-content\/uploads\/2025\/05\/Thumbnail-2.jpg 1066w\" sizes=\"auto, (max-width: 1024px) 100vw, 1024px\" \/><\/figure>\n<\/div>\n\n<div class=\"wp-block-image\">\n<figure class=\"aligncenter size-full is-resized\"><img loading=\"lazy\" decoding=\"async\" width=\"992\" height=\"519\" src=\"https:\/\/buildandplay.fr\/wp-content\/uploads\/2025\/05\/thumbnail-3.jpg\" alt=\"\" class=\"wp-image-522\" style=\"width:434px;height:auto\" srcset=\"https:\/\/buildandplay.fr\/wp-content\/uploads\/2025\/05\/thumbnail-3.jpg 992w, https:\/\/buildandplay.fr\/wp-content\/uploads\/2025\/05\/thumbnail-3-300x157.jpg 300w, https:\/\/buildandplay.fr\/wp-content\/uploads\/2025\/05\/thumbnail-3-768x402.jpg 768w\" sizes=\"auto, (max-width: 992px) 100vw, 992px\" \/><\/figure>\n<\/div>\n\n<div class=\"wp-block-image\">\n<figure class=\"aligncenter size-large is-resized\"><img loading=\"lazy\" decoding=\"async\" width=\"1024\" height=\"561\" src=\"https:\/\/buildandplay.fr\/wp-content\/uploads\/2025\/05\/Thumbnail-4-1024x561.jpg\" alt=\"\" class=\"wp-image-523\" style=\"width:431px;height:auto\" srcset=\"https:\/\/buildandplay.fr\/wp-content\/uploads\/2025\/05\/Thumbnail-4-1024x561.jpg 1024w, https:\/\/buildandplay.fr\/wp-content\/uploads\/2025\/05\/Thumbnail-4-300x164.jpg 300w, https:\/\/buildandplay.fr\/wp-content\/uploads\/2025\/05\/Thumbnail-4-768x420.jpg 768w, https:\/\/buildandplay.fr\/wp-content\/uploads\/2025\/05\/Thumbnail-4.jpg 1063w\" sizes=\"auto, (max-width: 1024px) 100vw, 1024px\" \/><\/figure>\n<\/div>\n\n<div class=\"wp-block-image\">\n<figure class=\"aligncenter size-large is-resized\"><img loading=\"lazy\" decoding=\"async\" width=\"1024\" height=\"487\" src=\"https:\/\/buildandplay.fr\/wp-content\/uploads\/2025\/05\/Thumbnail-5-1024x487.jpg\" alt=\"\" class=\"wp-image-524\" style=\"width:430px;height:auto\" srcset=\"https:\/\/buildandplay.fr\/wp-content\/uploads\/2025\/05\/Thumbnail-5-1024x487.jpg 1024w, https:\/\/buildandplay.fr\/wp-content\/uploads\/2025\/05\/Thumbnail-5-300x143.jpg 300w, https:\/\/buildandplay.fr\/wp-content\/uploads\/2025\/05\/Thumbnail-5-768x365.jpg 768w, https:\/\/buildandplay.fr\/wp-content\/uploads\/2025\/05\/Thumbnail-5.jpg 1048w\" sizes=\"auto, (max-width: 1024px) 100vw, 1024px\" \/><\/figure>\n<\/div>\n\n\n<br>\n\n\n<div class=\"wp-block-image\">\n<figure class=\"aligncenter size-full is-resized\"><img loading=\"lazy\" decoding=\"async\" width=\"706\" height=\"420\" src=\"http:\/\/buildandplay.fr\/wp-content\/uploads\/2025\/04\/thumbnail-4.jpg\" alt=\"\" class=\"wp-image-374\" style=\"width:439px;height:auto\" srcset=\"https:\/\/buildandplay.fr\/wp-content\/uploads\/2025\/04\/thumbnail-4.jpg 706w, https:\/\/buildandplay.fr\/wp-content\/uploads\/2025\/04\/thumbnail-4-300x178.jpg 300w\" sizes=\"auto, (max-width: 706px) 100vw, 706px\" \/><\/figure>\n<\/div>\n\n<div class=\"wp-block-image\">\n<figure class=\"aligncenter size-full is-resized\"><img loading=\"lazy\" decoding=\"async\" width=\"546\" height=\"308\" src=\"http:\/\/buildandplay.fr\/wp-content\/uploads\/2025\/04\/Thumbnail-5.jpg\" alt=\"\" class=\"wp-image-376\" style=\"width:462px;height:auto\" srcset=\"https:\/\/buildandplay.fr\/wp-content\/uploads\/2025\/04\/Thumbnail-5.jpg 546w, https:\/\/buildandplay.fr\/wp-content\/uploads\/2025\/04\/Thumbnail-5-300x169.jpg 300w\" sizes=\"auto, (max-width: 546px) 100vw, 546px\" \/><\/figure>\n<\/div>\n\n\n<br>\n\n\n<div class=\"wp-block-image\">\n<figure class=\"aligncenter size-large is-resized\"><img loading=\"lazy\" decoding=\"async\" width=\"1024\" height=\"557\" src=\"https:\/\/buildandplay.fr\/wp-content\/uploads\/2025\/06\/thumbnail-1024x557.jpg\" alt=\"\" class=\"wp-image-529\" style=\"width:459px;height:auto\" srcset=\"https:\/\/buildandplay.fr\/wp-content\/uploads\/2025\/06\/thumbnail-1024x557.jpg 1024w, https:\/\/buildandplay.fr\/wp-content\/uploads\/2025\/06\/thumbnail-300x163.jpg 300w, https:\/\/buildandplay.fr\/wp-content\/uploads\/2025\/06\/thumbnail-768x417.jpg 768w, https:\/\/buildandplay.fr\/wp-content\/uploads\/2025\/06\/thumbnail.jpg 1104w\" sizes=\"auto, (max-width: 1024px) 100vw, 1024px\" \/><\/figure>\n<\/div>\n\n<div class=\"wp-block-image\">\n<figure class=\"aligncenter size-large is-resized\"><img loading=\"lazy\" decoding=\"async\" width=\"1024\" height=\"569\" src=\"https:\/\/buildandplay.fr\/wp-content\/uploads\/2025\/06\/Thumbnail-1-1024x569.jpg\" alt=\"\" class=\"wp-image-533\" style=\"width:460px;height:auto\" srcset=\"https:\/\/buildandplay.fr\/wp-content\/uploads\/2025\/06\/Thumbnail-1-1024x569.jpg 1024w, https:\/\/buildandplay.fr\/wp-content\/uploads\/2025\/06\/Thumbnail-1-300x167.jpg 300w, https:\/\/buildandplay.fr\/wp-content\/uploads\/2025\/06\/Thumbnail-1-768x427.jpg 768w, https:\/\/buildandplay.fr\/wp-content\/uploads\/2025\/06\/Thumbnail-1.jpg 1125w\" sizes=\"auto, (max-width: 1024px) 100vw, 1024px\" \/><\/figure>\n<\/div>\n\n<div class=\"wp-block-image\">\n<figure class=\"aligncenter size-large is-resized\"><img loading=\"lazy\" decoding=\"async\" width=\"1024\" height=\"315\" src=\"https:\/\/buildandplay.fr\/wp-content\/uploads\/2025\/06\/thumbnail-2-1024x315.jpg\" alt=\"\" class=\"wp-image-538\" style=\"width:468px;height:auto\" srcset=\"https:\/\/buildandplay.fr\/wp-content\/uploads\/2025\/06\/thumbnail-2-1024x315.jpg 1024w, https:\/\/buildandplay.fr\/wp-content\/uploads\/2025\/06\/thumbnail-2-300x92.jpg 300w, https:\/\/buildandplay.fr\/wp-content\/uploads\/2025\/06\/thumbnail-2-768x236.jpg 768w, https:\/\/buildandplay.fr\/wp-content\/uploads\/2025\/06\/thumbnail-2.jpg 1432w\" sizes=\"auto, (max-width: 1024px) 100vw, 1024px\" \/><\/figure>\n<\/div>\n\n\n<br>\n\n\n<div class=\"wp-block-image\">\n<figure class=\"aligncenter size-large is-resized\"><img loading=\"lazy\" decoding=\"async\" width=\"1024\" height=\"384\" src=\"http:\/\/buildandplay.fr\/wp-content\/uploads\/2025\/04\/thumbnail-5-1024x384.png\" alt=\"\" class=\"wp-image-386\" style=\"width:465px;height:auto\" srcset=\"https:\/\/buildandplay.fr\/wp-content\/uploads\/2025\/04\/thumbnail-5-1024x384.png 1024w, https:\/\/buildandplay.fr\/wp-content\/uploads\/2025\/04\/thumbnail-5-300x113.png 300w, https:\/\/buildandplay.fr\/wp-content\/uploads\/2025\/04\/thumbnail-5-768x288.png 768w, https:\/\/buildandplay.fr\/wp-content\/uploads\/2025\/04\/thumbnail-5-1536x576.png 1536w, https:\/\/buildandplay.fr\/wp-content\/uploads\/2025\/04\/thumbnail-5-2048x768.png 2048w\" sizes=\"auto, (max-width: 1024px) 100vw, 1024px\" \/><\/figure>\n<\/div>\n\n\n<p class=\"has-text-align-center\">And MANY more to come!<\/p>","protected":false},"excerpt":{"rendered":"<p>Vous trouverez ici la liste des diff\u00e9rents packages que vous allez pouvoir utiliser pour r\u00e9aliser vos propres missions. Ces packages sont soit inclus dans l&rsquo;installation de base, soit t\u00e9l\u00e9chargeables depuis le logiciel (0.13.0 ou sup\u00e9rieur). Contient l&rsquo;int\u00e9gralit\u00e9 du contenu de la campagne Kickstarter. Contient l&rsquo;int\u00e9gralit\u00e9 du contenu de la campagne Kickstarter. Edition des cartes de<\/p>\n<p class=\"more-link\"><a href=\"https:\/\/buildandplay.fr\/en\/packages\/\" class=\"themebutton2\">Read More<\/a><\/p>","protected":false},"author":1,"featured_media":0,"parent":0,"menu_order":0,"comment_status":"closed","ping_status":"closed","template":"","meta":{"footnotes":""},"class_list":["post-87","page","type-page","status-publish","hentry"],"_links":{"self":[{"href":"https:\/\/buildandplay.fr\/en\/wp-json\/wp\/v2\/pages\/87","targetHints":{"allow":["GET"]}}],"collection":[{"href":"https:\/\/buildandplay.fr\/en\/wp-json\/wp\/v2\/pages"}],"about":[{"href":"https:\/\/buildandplay.fr\/en\/wp-json\/wp\/v2\/types\/page"}],"author":[{"embeddable":true,"href":"https:\/\/buildandplay.fr\/en\/wp-json\/wp\/v2\/users\/1"}],"replies":[{"embeddable":true,"href":"https:\/\/buildandplay.fr\/en\/wp-json\/wp\/v2\/comments?post=87"}],"version-history":[{"count":27,"href":"https:\/\/buildandplay.fr\/en\/wp-json\/wp\/v2\/pages\/87\/revisions"}],"predecessor-version":[{"id":625,"href":"https:\/\/buildandplay.fr\/en\/wp-json\/wp\/v2\/pages\/87\/revisions\/625"}],"wp:attachment":[{"href":"https:\/\/buildandplay.fr\/en\/wp-json\/wp\/v2\/media?parent=87"}],"curies":[{"name":"wp","href":"https:\/\/api.w.org\/{rel}","templated":true}]}}