{"id":413,"date":"2025-04-23T12:53:17","date_gmt":"2025-04-23T12:53:17","guid":{"rendered":"http:\/\/buildandplay.fr\/?page_id=413"},"modified":"2025-04-23T14:21:01","modified_gmt":"2025-04-23T14:21:01","slug":"ledition-les-options","status":"publish","type":"page","link":"https:\/\/buildandplay.fr\/en\/ledition-les-options\/","title":{"rendered":"Item options"},"content":{"rendered":"<p>Some tiles include options. These options allow you to obtain several versions of the same tile. This can be used to illustrate different versions of the same tile, which may vary, for example, in the case of a door, depending on whether it is open or closed. Another concrete example would be the different units in Memoir '44: you have infantry icons, which represent 4 miniatures on the game board, and icons for specialized infantry, which only require 3 miniatures to be placed.<\/p>\n\n\n\n<p>There are several ways to approach the design of a package in this type of case. The simplest would be to simply create several entries in the list, i.e., several items.<\/p>\n\n\n\n<p>This is not what is done in the Memoir '44 package, as the units have options.<\/p>\n\n\n<div class=\"wp-block-image\">\n<figure class=\"aligncenter size-full\"><img loading=\"lazy\" decoding=\"async\" width=\"432\" height=\"648\" src=\"http:\/\/buildandplay.fr\/wp-content\/uploads\/2025\/04\/Help13.jpg\" alt=\"\" class=\"wp-image-416\" srcset=\"https:\/\/buildandplay.fr\/wp-content\/uploads\/2025\/04\/Help13.jpg 432w, https:\/\/buildandplay.fr\/wp-content\/uploads\/2025\/04\/Help13-200x300.jpg 200w\" sizes=\"auto, (max-width: 432px) 100vw, 432px\" \/><\/figure>\n<\/div>\n\n\n<p>It should be noted that the infantry <img loading=\"lazy\" decoding=\"async\" width=\"24\" height=\"24\" class=\"wp-image-279\" style=\"width: 24px;\" src=\"http:\/\/buildandplay.fr\/wp-content\/uploads\/2025\/04\/Number-1-icon.png\" alt=\"\" srcset=\"https:\/\/buildandplay.fr\/wp-content\/uploads\/2025\/04\/Number-1-icon.png 256w, https:\/\/buildandplay.fr\/wp-content\/uploads\/2025\/04\/Number-1-icon-150x150.png 150w\" sizes=\"auto, (max-width: 24px) 100vw, 24px\" \/> includes the option icon <img loading=\"lazy\" decoding=\"async\" width=\"19\" height=\"14\" class=\"wp-image-417\" style=\"width: 19px;\" src=\"http:\/\/buildandplay.fr\/wp-content\/uploads\/2025\/04\/option_icon.jpg\" alt=\"\"> to the right of the item level (here at level 4). This icon means that the item includes more or fewer possibilities, i.e., options.<\/p>\n\n\n<div class=\"wp-block-image\">\n<figure class=\"aligncenter size-full\"><img loading=\"lazy\" decoding=\"async\" width=\"960\" height=\"505\" src=\"http:\/\/buildandplay.fr\/wp-content\/uploads\/2025\/04\/seq01_.gif\" alt=\"\" class=\"wp-image-419\"\/><\/figure>\n<\/div>\n\n\n<p>When placing this item, you can press the \u201cO\u201d key on your keyboard to scroll through the different options. Please note that if an item cannot be rotated, clicking the right mouse button will have the same effect.<\/p>\n\n\n\n<p>Options can take many forms. Not only can they influence the type of unit you place, as we have just seen, but they can also influence the placement of certain items, for example. Let's take Resident Evil 3 as an example:<\/p>\n\n\n<div class=\"wp-block-image\">\n<figure class=\"aligncenter size-full\"><img loading=\"lazy\" decoding=\"async\" width=\"960\" height=\"505\" src=\"http:\/\/buildandplay.fr\/wp-content\/uploads\/2025\/04\/seq02_.gif\" alt=\"\" class=\"wp-image-420\"\/><\/figure>\n<\/div>\n\n\n<p>The options here are not for choosing a different type of unit, but rather for choosing its location. In this type of package, you can have several icons coexist in a single box, and, as you can see in the animation above, you cannot place the zombie if it is above the chest. Just imagine that you cannot, in reality, place a token on top of another token. As usual, all of this is defined by the package designer, and there would have been other solutions to achieve the same result; this is just one among many.<\/p>","protected":false},"excerpt":{"rendered":"<p>Certaines tuiles comprennent des options. Ces options permettent d&rsquo;obtenir plusieurs version d&rsquo;une m\u00eame tuile. Cela peut permettre d&rsquo;illustrer diff\u00e9rentes versions d&rsquo;une m\u00eame tuile, qui peuvent varier par exemple dans le cas d&rsquo;une porte, qu&rsquo;elle soit ouverte ou ferm\u00e9e. Un autre exemple concret serait les diff\u00e9rentes unit\u00e9s dans Memoir&rsquo;44 : vous avez des icones d&rsquo;infanterie, ce<\/p>\n<p class=\"more-link\"><a href=\"https:\/\/buildandplay.fr\/en\/ledition-les-options\/\" class=\"themebutton2\">Read More<\/a><\/p>","protected":false},"author":1,"featured_media":0,"parent":0,"menu_order":0,"comment_status":"closed","ping_status":"closed","template":"","meta":{"footnotes":""},"class_list":["post-413","page","type-page","status-publish","hentry"],"_links":{"self":[{"href":"https:\/\/buildandplay.fr\/en\/wp-json\/wp\/v2\/pages\/413","targetHints":{"allow":["GET"]}}],"collection":[{"href":"https:\/\/buildandplay.fr\/en\/wp-json\/wp\/v2\/pages"}],"about":[{"href":"https:\/\/buildandplay.fr\/en\/wp-json\/wp\/v2\/types\/page"}],"author":[{"embeddable":true,"href":"https:\/\/buildandplay.fr\/en\/wp-json\/wp\/v2\/users\/1"}],"replies":[{"embeddable":true,"href":"https:\/\/buildandplay.fr\/en\/wp-json\/wp\/v2\/comments?post=413"}],"version-history":[{"count":8,"href":"https:\/\/buildandplay.fr\/en\/wp-json\/wp\/v2\/pages\/413\/revisions"}],"predecessor-version":[{"id":430,"href":"https:\/\/buildandplay.fr\/en\/wp-json\/wp\/v2\/pages\/413\/revisions\/430"}],"wp:attachment":[{"href":"https:\/\/buildandplay.fr\/en\/wp-json\/wp\/v2\/media?parent=413"}],"curies":[{"name":"wp","href":"https:\/\/api.w.org\/{rel}","templated":true}]}}