{"id":345,"date":"2025-04-18T17:46:51","date_gmt":"2025-04-18T17:46:51","guid":{"rendered":"http:\/\/buildandplay.fr\/?page_id=345"},"modified":"2025-11-07T06:45:12","modified_gmt":"2025-11-07T06:45:12","slug":"donation","status":"publish","type":"page","link":"https:\/\/buildandplay.fr\/en\/donation\/","title":{"rendered":"make a donation"},"content":{"rendered":"<p>Developing the software, keeping it up to date, paying for servers\u2014all of this comes at a cost, even if it is done outside of a standard structure, meaning a company. Time is money, and a lot of time is invested in the project.<\/p>\n\n\n\n<p>If you feel like it and want to support the project, please feel free to make a donation. Even the smallest contributions are welcome!<\/p>\n\n\n<p><a href=\"https:\/\/en.tipeee.com\/pug-and-play\" class=\"tipeee-project-cart-iframe\" data-orientation=\"line\" data-rewards=\"1\">Support Pug And Play on Tipeee<\/a><br \/>\n<script async src=\"https:\/\/plugin.tipeee.com\/widget.js\" charset=\"utf-8\"><\/script><\/p>","protected":false},"excerpt":{"rendered":"<p>D\u00e9velopper le logiciel, le maintenir \u00e0 jour, payer les serveurs, tout cela \u00e0 un cout, m\u00eame si c&rsquo;est fait hors d&rsquo;une structure standard, entendez par l\u00e0 une soci\u00e9t\u00e9. Le temps est de l&rsquo;argent et c&rsquo;est beaucoup de temps qui est investi dans le projet. Si le coeur vous en dit et si vous voulez supporter<\/p>\n<p class=\"more-link\"><a href=\"https:\/\/buildandplay.fr\/en\/donation\/\" class=\"themebutton2\">Read More<\/a><\/p>","protected":false},"author":1,"featured_media":0,"parent":0,"menu_order":0,"comment_status":"closed","ping_status":"closed","template":"","meta":{"footnotes":""},"class_list":["post-345","page","type-page","status-publish","hentry"],"_links":{"self":[{"href":"https:\/\/buildandplay.fr\/en\/wp-json\/wp\/v2\/pages\/345","targetHints":{"allow":["GET"]}}],"collection":[{"href":"https:\/\/buildandplay.fr\/en\/wp-json\/wp\/v2\/pages"}],"about":[{"href":"https:\/\/buildandplay.fr\/en\/wp-json\/wp\/v2\/types\/page"}],"author":[{"embeddable":true,"href":"https:\/\/buildandplay.fr\/en\/wp-json\/wp\/v2\/users\/1"}],"replies":[{"embeddable":true,"href":"https:\/\/buildandplay.fr\/en\/wp-json\/wp\/v2\/comments?post=345"}],"version-history":[{"count":7,"href":"https:\/\/buildandplay.fr\/en\/wp-json\/wp\/v2\/pages\/345\/revisions"}],"predecessor-version":[{"id":601,"href":"https:\/\/buildandplay.fr\/en\/wp-json\/wp\/v2\/pages\/345\/revisions\/601"}],"wp:attachment":[{"href":"https:\/\/buildandplay.fr\/en\/wp-json\/wp\/v2\/media?parent=345"}],"curies":[{"name":"wp","href":"https:\/\/api.w.org\/{rel}","templated":true}]}}