{"id":315,"date":"2025-04-14T16:53:58","date_gmt":"2025-04-14T16:53:58","guid":{"rendered":"http:\/\/buildandplay.fr\/?page_id=315"},"modified":"2025-04-23T14:55:49","modified_gmt":"2025-04-23T14:55:49","slug":"lediton-les-manipulations-de-base","status":"publish","type":"page","link":"https:\/\/buildandplay.fr\/en\/lediton-les-manipulations-de-base\/","title":{"rendered":"Basic manipulations"},"content":{"rendered":"<p>When editing, you may want to rotate an item, for example, in order to place it in the best position on the board, or you may want to know the basic keyboard shortcuts to make your life easier? We will cover all of this in this section.<\/p>\n\n\n<div class=\"wp-block-image\">\n<figure class=\"aligncenter size-full\"><img loading=\"lazy\" decoding=\"async\" width=\"960\" height=\"505\" src=\"http:\/\/buildandplay.fr\/wp-content\/uploads\/2025\/04\/seq03_.gif\" alt=\"\" class=\"wp-image-431\"\/><\/figure>\n<\/div>\n\n\n<p>When placing a token, such as the zombie spawn token shown here <img loading=\"lazy\" decoding=\"async\" width=\"24\" height=\"24\" class=\"wp-image-279\" style=\"width: 24px;\" src=\"http:\/\/buildandplay.fr\/wp-content\/uploads\/2025\/04\/Number-1-icon.png\" alt=\"\" srcset=\"https:\/\/buildandplay.fr\/wp-content\/uploads\/2025\/04\/Number-1-icon.png 256w, https:\/\/buildandplay.fr\/wp-content\/uploads\/2025\/04\/Number-1-icon-150x150.png 150w\" sizes=\"auto, (max-width: 24px) 100vw, 24px\" \/>, you can rotate the element to position it optimally.<\/p>\n\n\n\n<p>A simple right click rotates the selected piece 90 degrees. The spawn point can therefore be rotated before being repositioned once the correct angle has been selected. Note that the status bar <img loading=\"lazy\" decoding=\"async\" width=\"24\" height=\"24\" class=\"wp-image-280\" style=\"width: 24px;\" src=\"http:\/\/buildandplay.fr\/wp-content\/uploads\/2025\/04\/Number-2-icon.png\" alt=\"\" srcset=\"https:\/\/buildandplay.fr\/wp-content\/uploads\/2025\/04\/Number-2-icon.png 256w, https:\/\/buildandplay.fr\/wp-content\/uploads\/2025\/04\/Number-2-icon-150x150.png 150w\" sizes=\"auto, (max-width: 24px) 100vw, 24px\" \/> gives you not only the name of the selected element but also its current orientation.<\/p>\n\n\n\n<p>Keep in mind that, like almost everything else, the available rotation angles are set by the package, and therefore by its author. For example, in Zombicide V2, it is impossible to adjust the orientation of survivor entry points or the tokens representing them. This same rotation may be limited; one can imagine certain specific items that can only be positioned at 0 or 180 degrees, for example.<\/p>\n\n\n\n<p class=\"has-medium-font-size\"><strong>The (first) keyboard shortcuts<\/strong><\/p>\n\n\n\n<p>Once an item has been placed on the game board, you can always retrieve it. To do so, hold down the CTRL key. When you move the mouse, you will notice that the cursor has now taken the form of a quadruple arrow. <img loading=\"lazy\" decoding=\"async\" width=\"24\" height=\"24\" class=\"wp-image-322\" style=\"width: 24px;\" src=\"http:\/\/buildandplay.fr\/wp-content\/uploads\/2025\/04\/cusor_cross.jpg\" alt=\"\">. This indicates that you are about to enter selection mode, which allows you to retrieve an item from the editing area.<\/p>\n\n\n\n<p>Simply click on the desired item while holding down the CTRL key, and you will retrieve it from the editing area. Understand that you will remove the item from the editing area and take it back into your \u201chands,\u201d as if you had selected it from the list.<\/p>\n\n\n\n<p>You can also duplicate an item. Simply hold down the SHIFT key. When you move the mouse, your cursor will take the form of an open hand. <img loading=\"lazy\" decoding=\"async\" width=\"20\" height=\"29\" class=\"wp-image-323\" style=\"width: 20px;\" src=\"http:\/\/buildandplay.fr\/wp-content\/uploads\/2025\/04\/cursor_openhand.jpg\" alt=\"\" srcset=\"https:\/\/buildandplay.fr\/wp-content\/uploads\/2025\/04\/cursor_openhand.jpg 296w, https:\/\/buildandplay.fr\/wp-content\/uploads\/2025\/04\/cursor_openhand-209x300.jpg 209w\" sizes=\"auto, (max-width: 20px) 100vw, 20px\" \/>. This indicates that you are about to enter duplicate mode, which allows you to duplicate an item in the editing area.<\/p>\n\n\n\n<p>Simply click on the desired item while holding down the SHIFT key, and you will copy it from the editing area. Understand that you will take it back into your \u201chand,\u201d as if you had selected it from the list, while leaving the original item in the editing area.<\/p>\n\n\n\n<p><\/p>","protected":false},"excerpt":{"rendered":"<p>Lors de vos \u00e9ditions, vous voudriez peut-\u00eatre faire pivoter une pi\u00e8ce par exemple, de fa\u00e7on \u00e0 la placer au mieux sur le plateau ou vous voudriez connaitre les raccourcis clavier de base pour vous simplifier la vie? Nous allons aborder tout cela dans cette section. Lors du placement d&rsquo;un token, comme par exemple ici le<\/p>\n<p class=\"more-link\"><a href=\"https:\/\/buildandplay.fr\/en\/lediton-les-manipulations-de-base\/\" class=\"themebutton2\">Read More<\/a><\/p>","protected":false},"author":1,"featured_media":0,"parent":0,"menu_order":0,"comment_status":"closed","ping_status":"closed","template":"","meta":{"footnotes":""},"class_list":["post-315","page","type-page","status-publish","hentry"],"_links":{"self":[{"href":"https:\/\/buildandplay.fr\/en\/wp-json\/wp\/v2\/pages\/315","targetHints":{"allow":["GET"]}}],"collection":[{"href":"https:\/\/buildandplay.fr\/en\/wp-json\/wp\/v2\/pages"}],"about":[{"href":"https:\/\/buildandplay.fr\/en\/wp-json\/wp\/v2\/types\/page"}],"author":[{"embeddable":true,"href":"https:\/\/buildandplay.fr\/en\/wp-json\/wp\/v2\/users\/1"}],"replies":[{"embeddable":true,"href":"https:\/\/buildandplay.fr\/en\/wp-json\/wp\/v2\/comments?post=315"}],"version-history":[{"count":13,"href":"https:\/\/buildandplay.fr\/en\/wp-json\/wp\/v2\/pages\/315\/revisions"}],"predecessor-version":[{"id":432,"href":"https:\/\/buildandplay.fr\/en\/wp-json\/wp\/v2\/pages\/315\/revisions\/432"}],"wp:attachment":[{"href":"https:\/\/buildandplay.fr\/en\/wp-json\/wp\/v2\/media?parent=315"}],"curies":[{"name":"wp","href":"https:\/\/api.w.org\/{rel}","templated":true}]}}