{"id":294,"date":"2025-04-14T15:46:54","date_gmt":"2025-04-14T15:46:54","guid":{"rendered":"http:\/\/buildandplay.fr\/?page_id=294"},"modified":"2025-04-23T13:41:25","modified_gmt":"2025-04-23T13:41:25","slug":"ledition-la-base","status":"publish","type":"page","link":"https:\/\/buildandplay.fr\/en\/ledition-la-base\/","title":{"rendered":"Basics"},"content":{"rendered":"<p>Une fois votre projet d\u00e9marr\u00e9 (pour plus d&rsquo;informations, voir <a href=\"http:\/\/buildandplay.fr\/en\/?page_id=278\" data-type=\"page\" data-id=\"278\">Get started<\/a> ), il sera temps de commencer \u00e0 cr\u00e9er votre mission.<\/p>\n\n\n\n<figure class=\"wp-block-image size-large\"><img loading=\"lazy\" decoding=\"async\" width=\"1024\" height=\"550\" src=\"http:\/\/buildandplay.fr\/wp-content\/uploads\/2025\/04\/Help-06-1024x550.jpg\" alt=\"\" class=\"wp-image-298\" srcset=\"https:\/\/buildandplay.fr\/wp-content\/uploads\/2025\/04\/Help-06-1024x550.jpg 1024w, https:\/\/buildandplay.fr\/wp-content\/uploads\/2025\/04\/Help-06-300x161.jpg 300w, https:\/\/buildandplay.fr\/wp-content\/uploads\/2025\/04\/Help-06-768x413.jpg 768w, https:\/\/buildandplay.fr\/wp-content\/uploads\/2025\/04\/Help-06-1536x826.jpg 1536w, https:\/\/buildandplay.fr\/wp-content\/uploads\/2025\/04\/Help-06.jpg 1920w\" sizes=\"auto, (max-width: 1024px) 100vw, 1024px\" \/><\/figure>\n\n\n\n<p>L&rsquo;interface principale vous propose tout d&rsquo;abord la zone d&rsquo;\u00e9dition principale <img loading=\"lazy\" decoding=\"async\" width=\"24\" height=\"24\" class=\"wp-image-279\" style=\"width: 24px;\" src=\"http:\/\/buildandplay.fr\/wp-content\/uploads\/2025\/04\/Number-1-icon.png\" alt=\"\" srcset=\"https:\/\/buildandplay.fr\/wp-content\/uploads\/2025\/04\/Number-1-icon.png 256w, https:\/\/buildandplay.fr\/wp-content\/uploads\/2025\/04\/Number-1-icon-150x150.png 150w\" sizes=\"auto, (max-width: 24px) 100vw, 24px\" \/>, dans laquelle vous allez travailler. C&rsquo;est sur cette surface que vous allez placer les diff\u00e9rents composants que vous allez choisir dans la liste <img loading=\"lazy\" decoding=\"async\" width=\"24\" height=\"24\" class=\"wp-image-282\" style=\"width: 24px;\" src=\"http:\/\/buildandplay.fr\/wp-content\/uploads\/2025\/04\/Number-3-icon.png\" alt=\"\" srcset=\"https:\/\/buildandplay.fr\/wp-content\/uploads\/2025\/04\/Number-3-icon.png 256w, https:\/\/buildandplay.fr\/wp-content\/uploads\/2025\/04\/Number-3-icon-150x150.png 150w\" sizes=\"auto, (max-width: 24px) 100vw, 24px\" \/> qui repr\u00e9sente l&rsquo;ensemble de ce que vous trouveriez, normalement, dans votre boite de jeu, comprenez les diff\u00e9rents \u00e9l\u00e9ments comme les tuiles, les personnages, les tokens, etc.<\/p>\n\n\n\n<p>Votre espace de travail comprend \u00e9galement une barre de menu et des barres d&rsquo;outils <img loading=\"lazy\" decoding=\"async\" width=\"24\" height=\"24\" class=\"wp-image-280\" style=\"width: 24px;\" src=\"http:\/\/buildandplay.fr\/wp-content\/uploads\/2025\/04\/Number-2-icon.png\" alt=\"\" srcset=\"https:\/\/buildandplay.fr\/wp-content\/uploads\/2025\/04\/Number-2-icon.png 256w, https:\/\/buildandplay.fr\/wp-content\/uploads\/2025\/04\/Number-2-icon-150x150.png 150w\" sizes=\"auto, (max-width: 24px) 100vw, 24px\" \/> , une zone de pr\u00e9visualisation des divers \u00e9l\u00e9ments <img loading=\"lazy\" decoding=\"async\" width=\"24\" height=\"24\" class=\"wp-image-299\" style=\"width: 24px;\" src=\"http:\/\/buildandplay.fr\/wp-content\/uploads\/2025\/04\/Number-4-icon.png\" alt=\"\" srcset=\"https:\/\/buildandplay.fr\/wp-content\/uploads\/2025\/04\/Number-4-icon.png 256w, https:\/\/buildandplay.fr\/wp-content\/uploads\/2025\/04\/Number-4-icon-150x150.png 150w\" sizes=\"auto, (max-width: 24px) 100vw, 24px\" \/> ainsi qu&rsquo;une barre de status <img loading=\"lazy\" decoding=\"async\" width=\"24\" height=\"24\" class=\"wp-image-300\" style=\"width: 24px;\" src=\"http:\/\/buildandplay.fr\/wp-content\/uploads\/2025\/04\/Number-5-icon.png\" alt=\"\" srcset=\"https:\/\/buildandplay.fr\/wp-content\/uploads\/2025\/04\/Number-5-icon.png 256w, https:\/\/buildandplay.fr\/wp-content\/uploads\/2025\/04\/Number-5-icon-150x150.png 150w\" sizes=\"auto, (max-width: 24px) 100vw, 24px\" \/>, ce qui vous permet de connaitre l&rsquo;\u00e9tat actuel des outils que vous utilisez ou encore du fichier actuellement sauv\u00e9.<\/p>\n\n\n\n<figure class=\"wp-block-image size-full\"><img loading=\"lazy\" decoding=\"async\" width=\"434\" height=\"658\" src=\"http:\/\/buildandplay.fr\/wp-content\/uploads\/2025\/04\/Help-07.jpg\" alt=\"\" class=\"wp-image-301\" srcset=\"https:\/\/buildandplay.fr\/wp-content\/uploads\/2025\/04\/Help-07.jpg 434w, https:\/\/buildandplay.fr\/wp-content\/uploads\/2025\/04\/Help-07-198x300.jpg 198w\" sizes=\"auto, (max-width: 434px) 100vw, 434px\" \/><\/figure>\n\n\n\n<p>Le choix des composant que vous allez placer sur le plateau de jeu se fait via la liste situ\u00e9 \u00e0 droite de la zone de travail. La disposition des diff\u00e9rents items dans l&rsquo;arbre <img loading=\"lazy\" decoding=\"async\" width=\"24\" height=\"24\" class=\"wp-image-279\" style=\"width: 24px;\" src=\"http:\/\/buildandplay.fr\/wp-content\/uploads\/2025\/04\/Number-1-icon.png\" alt=\"\" srcset=\"https:\/\/buildandplay.fr\/wp-content\/uploads\/2025\/04\/Number-1-icon.png 256w, https:\/\/buildandplay.fr\/wp-content\/uploads\/2025\/04\/Number-1-icon-150x150.png 150w\" sizes=\"auto, (max-width: 24px) 100vw, 24px\" \/> d\u00e9pend du concepteur du package, puisque l&rsquo;arbre ainsi que la r\u00e9partion des \u00e9l\u00e9ments est d\u00e9fini dans celui-ci. <\/p>\n\n\n\n<p>Chaque item porte un nom, ainsi qu&rsquo;une s\u00e9rie de nombres r\u00e9partis dans les deux colonnes suivantes. Le premier nombre est le niveau de l&rsquo;\u00e9l\u00e9ment, c&rsquo;est \u00e0 dire la \u00ab\u00a0couche\u00a0\u00bb sur laquelle il se situe. Imaginez un dungeon crawler sur votre table : les tuiles sont le premier niveau (la premi\u00e8re \u00ab\u00a0couche\u00a0\u00bb), les tokens viennent en second et, imagions qu&rsquo;elles puissent recouvrir le tout, les figurines arrivent en troisi\u00e8me place.<\/p>\n\n\n\n<p>Cette hi\u00e9rachisation des diff\u00e9rents \u00e9l\u00e9ments permet de limiter la pose de ceux-ci. Par exemple, il est impossible de poser deux tuiles l&rsquo;une sur l&rsquo;autre, ce qui est plutot normal. Notez que de nouveau, tout cela est enti\u00e8rement configurable dans le package et d\u00e9pend donc du concepteur de celui-ci.<\/p>\n\n\n\n<p>La deuxi\u00e8me s\u00e9rie de nombre, \u00e0 droite de la liste, comprend trois nombres s\u00e9par\u00e9s par des \u00ab\u00a0\/\u00a0\u00bb. Ces sonbres sont respectivement le nombre de pi\u00e8ces plac\u00e9es sur la surface de jeu, le nombre de pi\u00e8ces totales et le nombres de pi\u00e8ces globalement disponibles. Nous allons passer ici la derni\u00e8re valeur, comptez que le nombre de pi\u00e8ces totales repr\u00e9sente le nombre d&rsquo;items pr\u00e9sents dans la boite. Par exemple, 15 portes rouges.<\/p>\n\n\n\n<p>Les boutons pr\u00e9sents en <img loading=\"lazy\" decoding=\"async\" width=\"24\" height=\"24\" class=\"wp-image-280\" style=\"width: 24px;\" src=\"http:\/\/buildandplay.fr\/wp-content\/uploads\/2025\/04\/Number-2-icon.png\" alt=\"\" srcset=\"https:\/\/buildandplay.fr\/wp-content\/uploads\/2025\/04\/Number-2-icon.png 256w, https:\/\/buildandplay.fr\/wp-content\/uploads\/2025\/04\/Number-2-icon-150x150.png 150w\" sizes=\"auto, (max-width: 24px) 100vw, 24px\" \/> permettent d&rsquo;ouvrir ou de fermer rapidement tous les niveaux de l&rsquo;arbre.<\/p>\n\n\n\n<p>Les boutons pr\u00e9sents en <img loading=\"lazy\" decoding=\"async\" width=\"24\" height=\"24\" class=\"wp-image-282\" style=\"width: 24px;\" src=\"http:\/\/buildandplay.fr\/wp-content\/uploads\/2025\/04\/Number-3-icon.png\" alt=\"\" srcset=\"https:\/\/buildandplay.fr\/wp-content\/uploads\/2025\/04\/Number-3-icon.png 256w, https:\/\/buildandplay.fr\/wp-content\/uploads\/2025\/04\/Number-3-icon-150x150.png 150w\" sizes=\"auto, (max-width: 24px) 100vw, 24px\" \/> permettent, quant \u00e0 eux, de cr\u00e9er du texte ou encore de d\u00e9solidariser des paires, nous ne les aborderons pas ici.<\/p>\n\n\n\n<figure class=\"wp-block-image size-large\"><img loading=\"lazy\" decoding=\"async\" width=\"1024\" height=\"550\" src=\"http:\/\/buildandplay.fr\/wp-content\/uploads\/2025\/04\/Help-08-1024x550.jpg\" alt=\"\" class=\"wp-image-305\" srcset=\"https:\/\/buildandplay.fr\/wp-content\/uploads\/2025\/04\/Help-08-1024x550.jpg 1024w, https:\/\/buildandplay.fr\/wp-content\/uploads\/2025\/04\/Help-08-300x161.jpg 300w, https:\/\/buildandplay.fr\/wp-content\/uploads\/2025\/04\/Help-08-768x413.jpg 768w, https:\/\/buildandplay.fr\/wp-content\/uploads\/2025\/04\/Help-08-1536x826.jpg 1536w, https:\/\/buildandplay.fr\/wp-content\/uploads\/2025\/04\/Help-08.jpg 1920w\" sizes=\"auto, (max-width: 1024px) 100vw, 1024px\" \/><\/figure>\n\n\n\n<p>Pour choisir un \u00e9l\u00e9ment, cliquez simplement sur le nom dans la liste <img loading=\"lazy\" decoding=\"async\" width=\"24\" height=\"24\" class=\"wp-image-279\" style=\"width: 24px;\" src=\"http:\/\/buildandplay.fr\/wp-content\/uploads\/2025\/04\/Number-1-icon.png\" alt=\"\" srcset=\"https:\/\/buildandplay.fr\/wp-content\/uploads\/2025\/04\/Number-1-icon.png 256w, https:\/\/buildandplay.fr\/wp-content\/uploads\/2025\/04\/Number-1-icon-150x150.png 150w\" sizes=\"auto, (max-width: 24px) 100vw, 24px\" \/>. Vous pouvez remarquer d\u00e8s lors que la fen\u00eatre de pr\u00e9visualisation <img loading=\"lazy\" decoding=\"async\" width=\"24\" height=\"24\" class=\"wp-image-280\" style=\"width: 24px;\" src=\"http:\/\/buildandplay.fr\/wp-content\/uploads\/2025\/04\/Number-2-icon.png\" alt=\"\" srcset=\"https:\/\/buildandplay.fr\/wp-content\/uploads\/2025\/04\/Number-2-icon.png 256w, https:\/\/buildandplay.fr\/wp-content\/uploads\/2025\/04\/Number-2-icon-150x150.png 150w\" sizes=\"auto, (max-width: 24px) 100vw, 24px\" \/> s&rsquo;est mise \u00e0 jour (ne vous focalisez pas sur certaines pr\u00e9visualisations qui peuvent \u00eatre parfois limite, c&rsquo;est du au fait que certains petits \u00e9l\u00e9ments sont parfois trop largements \u00e9tir\u00e9s pour remplir la zone, ce qui peut leur donner un effet assez bizarre) et que votre curseur \u00e0 maintenant pris la forme de l&rsquo;item que vous avez s\u00e9lectionn\u00e9 lorsque vous vous baladez dans la zone d&rsquo;\u00e9dition principale <img loading=\"lazy\" decoding=\"async\" width=\"24\" height=\"24\" class=\"wp-image-282\" style=\"width: 24px;\" src=\"http:\/\/buildandplay.fr\/wp-content\/uploads\/2025\/04\/Number-3-icon.png\" alt=\"\" srcset=\"https:\/\/buildandplay.fr\/wp-content\/uploads\/2025\/04\/Number-3-icon.png 256w, https:\/\/buildandplay.fr\/wp-content\/uploads\/2025\/04\/Number-3-icon-150x150.png 150w\" sizes=\"auto, (max-width: 24px) 100vw, 24px\" \/>.<\/p>\n\n\n\n<p>Pour poser un item, cliquez simplement une fois l&rsquo;\u00e9l\u00e9ment \u00e0 l&rsquo;endroit d\u00e9sir\u00e9.<\/p>\n\n\n\n<figure class=\"wp-block-image size-large\"><img loading=\"lazy\" decoding=\"async\" width=\"1024\" height=\"550\" src=\"http:\/\/buildandplay.fr\/wp-content\/uploads\/2025\/04\/Help-09-1024x550.jpg\" alt=\"\" class=\"wp-image-306\" srcset=\"https:\/\/buildandplay.fr\/wp-content\/uploads\/2025\/04\/Help-09-1024x550.jpg 1024w, https:\/\/buildandplay.fr\/wp-content\/uploads\/2025\/04\/Help-09-300x161.jpg 300w, https:\/\/buildandplay.fr\/wp-content\/uploads\/2025\/04\/Help-09-768x413.jpg 768w, https:\/\/buildandplay.fr\/wp-content\/uploads\/2025\/04\/Help-09-1536x826.jpg 1536w, https:\/\/buildandplay.fr\/wp-content\/uploads\/2025\/04\/Help-09.jpg 1920w\" sizes=\"auto, (max-width: 1024px) 100vw, 1024px\" \/><\/figure>\n\n\n\n<p>Selectionnons une seconde tuile et d\u00e9placons-la dans la zone d&rsquo;\u00e9dition. Vous remarquerez que si vous la placez comme en <img loading=\"lazy\" decoding=\"async\" width=\"24\" height=\"24\" class=\"wp-image-279\" style=\"width: 24px;\" src=\"http:\/\/buildandplay.fr\/wp-content\/uploads\/2025\/04\/Number-1-icon.png\" alt=\"\" srcset=\"https:\/\/buildandplay.fr\/wp-content\/uploads\/2025\/04\/Number-1-icon.png 256w, https:\/\/buildandplay.fr\/wp-content\/uploads\/2025\/04\/Number-1-icon-150x150.png 150w\" sizes=\"auto, (max-width: 24px) 100vw, 24px\" \/>, le bord de la tuile devient rouge. Cela signifie que vous ne pouvez pas la placer \u00e0 cet endroit.<\/p>\n\n\n\n<p>Il y a deux raisons possibles : la premi\u00e8re est que vous n&rsquo;avez plus d&rsquo;items de ce type disponible, ce qui n&rsquo;est pas le cas ici, la seconde est que le placement est ill\u00e9gal. Les r\u00e8gles sont d\u00e9finies par le package et donc la personne qui l&rsquo;a cr\u00e9\u00e9 et, dans ce cas, il est impossible de poser deux tuiles l&rsquo;une au-dessus de l&rsquo;autre, que cela soit int\u00e9gralement ou en partie.<\/p>\n\n\n\n<figure class=\"wp-block-image size-large\"><img loading=\"lazy\" decoding=\"async\" width=\"1024\" height=\"550\" src=\"http:\/\/buildandplay.fr\/wp-content\/uploads\/2025\/04\/Help-10-1024x550.jpg\" alt=\"\" class=\"wp-image-307\" srcset=\"https:\/\/buildandplay.fr\/wp-content\/uploads\/2025\/04\/Help-10-1024x550.jpg 1024w, https:\/\/buildandplay.fr\/wp-content\/uploads\/2025\/04\/Help-10-300x161.jpg 300w, https:\/\/buildandplay.fr\/wp-content\/uploads\/2025\/04\/Help-10-768x413.jpg 768w, https:\/\/buildandplay.fr\/wp-content\/uploads\/2025\/04\/Help-10-1536x826.jpg 1536w, https:\/\/buildandplay.fr\/wp-content\/uploads\/2025\/04\/Help-10.jpg 1920w\" sizes=\"auto, (max-width: 1024px) 100vw, 1024px\" \/><\/figure>\n\n\n\n<p>La situation revient \u00e0 la normale d\u00e8s que votre tuiles est correctement plac\u00e9e. Dans ce cas, le bord de la tuile est repass\u00e9 au vert, ce qui signifie que vous pouvez la placez \u00e0 cet endroit. Un click va valider le placement.<\/p>\n\n\n\n<figure class=\"wp-block-image size-large\"><img loading=\"lazy\" decoding=\"async\" width=\"1024\" height=\"550\" src=\"http:\/\/buildandplay.fr\/wp-content\/uploads\/2025\/04\/Help-11-1024x550.jpg\" alt=\"\" class=\"wp-image-309\" srcset=\"https:\/\/buildandplay.fr\/wp-content\/uploads\/2025\/04\/Help-11-1024x550.jpg 1024w, https:\/\/buildandplay.fr\/wp-content\/uploads\/2025\/04\/Help-11-300x161.jpg 300w, https:\/\/buildandplay.fr\/wp-content\/uploads\/2025\/04\/Help-11-768x413.jpg 768w, https:\/\/buildandplay.fr\/wp-content\/uploads\/2025\/04\/Help-11-1536x826.jpg 1536w, https:\/\/buildandplay.fr\/wp-content\/uploads\/2025\/04\/Help-11.jpg 1920w\" sizes=\"auto, (max-width: 1024px) 100vw, 1024px\" \/><\/figure>\n\n\n\n<p>Vous allez donc \u00eatre libre de continuer \u00e0 placer des tuiles et autres items pour compl\u00e9ter votre niveau.<\/p>\n\n\n\n<p>Peut-\u00eatre d\u00e9sireriez-vous avoir plus de possibilit\u00e9s lors du placement des \u00e9l\u00e9ment sur le plateau? La prochaine section : \u00ab\u00a0<a href=\"http:\/\/buildandplay.fr\/en\/?page_id=315\" data-type=\"page\" data-id=\"315\">L\u2019\u00e9diton : les manipulations de base<\/a>\u00a0\u00bb vous fournira certainement les r\u00e9ponses que vous attendez.<\/p>","protected":false},"excerpt":{"rendered":"<p>Une fois votre projet d\u00e9marr\u00e9 (pour plus d&rsquo;informations, voir D\u00e9marrer avec le logiciel ), il sera temps de commencer \u00e0 cr\u00e9er votre mission. L&rsquo;interface principale vous propose tout d&rsquo;abord la zone d&rsquo;\u00e9dition principale , dans laquelle vous allez travailler. C&rsquo;est sur cette surface que vous allez placer les diff\u00e9rents composants que vous allez choisir dans<\/p>\n<p class=\"more-link\"><a href=\"https:\/\/buildandplay.fr\/en\/ledition-la-base\/\" class=\"themebutton2\">Read More<\/a><\/p>","protected":false},"author":1,"featured_media":0,"parent":0,"menu_order":0,"comment_status":"closed","ping_status":"closed","template":"","meta":{"footnotes":""},"class_list":["post-294","page","type-page","status-publish","hentry"],"_links":{"self":[{"href":"https:\/\/buildandplay.fr\/en\/wp-json\/wp\/v2\/pages\/294","targetHints":{"allow":["GET"]}}],"collection":[{"href":"https:\/\/buildandplay.fr\/en\/wp-json\/wp\/v2\/pages"}],"about":[{"href":"https:\/\/buildandplay.fr\/en\/wp-json\/wp\/v2\/types\/page"}],"author":[{"embeddable":true,"href":"https:\/\/buildandplay.fr\/en\/wp-json\/wp\/v2\/users\/1"}],"replies":[{"embeddable":true,"href":"https:\/\/buildandplay.fr\/en\/wp-json\/wp\/v2\/comments?post=294"}],"version-history":[{"count":8,"href":"https:\/\/buildandplay.fr\/en\/wp-json\/wp\/v2\/pages\/294\/revisions"}],"predecessor-version":[{"id":424,"href":"https:\/\/buildandplay.fr\/en\/wp-json\/wp\/v2\/pages\/294\/revisions\/424"}],"wp:attachment":[{"href":"https:\/\/buildandplay.fr\/en\/wp-json\/wp\/v2\/media?parent=294"}],"curies":[{"name":"wp","href":"https:\/\/api.w.org\/{rel}","templated":true}]}}