{"id":278,"date":"2025-04-14T15:14:47","date_gmt":"2025-04-14T15:14:47","guid":{"rendered":"http:\/\/buildandplay.fr\/?page_id=278"},"modified":"2025-04-14T16:49:33","modified_gmt":"2025-04-14T16:49:33","slug":"demarrer-avec-le-logiciel","status":"publish","type":"page","link":"https:\/\/buildandplay.fr\/en\/demarrer-avec-le-logiciel\/","title":{"rendered":"Get started"},"content":{"rendered":"<p>Once the software has started, you will be taken to the start page. <\/p>\n\n\n\n<figure class=\"wp-block-image size-large\"><img loading=\"lazy\" decoding=\"async\" width=\"1024\" height=\"550\" src=\"http:\/\/buildandplay.fr\/wp-content\/uploads\/2025\/04\/Help-01-1024x550.jpg\" alt=\"\" class=\"wp-image-281\" srcset=\"https:\/\/buildandplay.fr\/wp-content\/uploads\/2025\/04\/Help-01-1024x550.jpg 1024w, https:\/\/buildandplay.fr\/wp-content\/uploads\/2025\/04\/Help-01-300x161.jpg 300w, https:\/\/buildandplay.fr\/wp-content\/uploads\/2025\/04\/Help-01-768x413.jpg 768w, https:\/\/buildandplay.fr\/wp-content\/uploads\/2025\/04\/Help-01-1536x826.jpg 1536w, https:\/\/buildandplay.fr\/wp-content\/uploads\/2025\/04\/Help-01.jpg 1920w\" sizes=\"auto, (max-width: 1024px) 100vw, 1024px\" \/><\/figure>\n\n\n\n<p>If you have already worked with the software, the latest save files will be available for quick access. <img loading=\"lazy\" decoding=\"async\" width=\"24\" height=\"24\" class=\"wp-image-279\" style=\"width: 24px;\" src=\"http:\/\/buildandplay.fr\/wp-content\/uploads\/2025\/04\/Number-1-icon.png\" alt=\"\" srcset=\"https:\/\/buildandplay.fr\/wp-content\/uploads\/2025\/04\/Number-1-icon.png 256w, https:\/\/buildandplay.fr\/wp-content\/uploads\/2025\/04\/Number-1-icon-150x150.png 150w\" sizes=\"auto, (max-width: 24px) 100vw, 24px\" \/> .<\/p>\n\n\n\n<p>The right pannel <img loading=\"lazy\" decoding=\"async\" width=\"24\" height=\"24\" class=\"wp-image-280\" style=\"width: 24px;\" src=\"http:\/\/buildandplay.fr\/wp-content\/uploads\/2025\/04\/Number-2-icon.png\" alt=\"\" srcset=\"https:\/\/buildandplay.fr\/wp-content\/uploads\/2025\/04\/Number-2-icon.png 256w, https:\/\/buildandplay.fr\/wp-content\/uploads\/2025\/04\/Number-2-icon-150x150.png 150w\" sizes=\"auto, (max-width: 24px) 100vw, 24px\" \/> offers you a range of tools. From top to bottom, you can create a new project, open a project by locating it on your hard drive, open the log, access options, access the Build and Play forum, and finally access the Pug and Play Facebook page.<\/p>\n\n\n\n<p>To create a new project, simply click on \u201cNew Project.\u201d<\/p>\n\n\n\n<figure class=\"wp-block-image size-full\"><img loading=\"lazy\" decoding=\"async\" width=\"877\" height=\"562\" src=\"http:\/\/buildandplay.fr\/wp-content\/uploads\/2025\/04\/Help-02.jpg\" alt=\"\" class=\"wp-image-283\" srcset=\"https:\/\/buildandplay.fr\/wp-content\/uploads\/2025\/04\/Help-02.jpg 877w, https:\/\/buildandplay.fr\/wp-content\/uploads\/2025\/04\/Help-02-300x192.jpg 300w, https:\/\/buildandplay.fr\/wp-content\/uploads\/2025\/04\/Help-02-768x492.jpg 768w\" sizes=\"auto, (max-width: 877px) 100vw, 877px\" \/><\/figure>\n\n\n\n<p>First, you will be able to choose your package, meaning the game you want to edit. A single click on the name of the game <img loading=\"lazy\" decoding=\"async\" width=\"24\" height=\"24\" class=\"wp-image-279\" style=\"width: 24px;\" src=\"http:\/\/buildandplay.fr\/wp-content\/uploads\/2025\/04\/Number-1-icon.png\" alt=\"\" srcset=\"https:\/\/buildandplay.fr\/wp-content\/uploads\/2025\/04\/Number-1-icon.png 256w, https:\/\/buildandplay.fr\/wp-content\/uploads\/2025\/04\/Number-1-icon-150x150.png 150w\" sizes=\"auto, (max-width: 24px) 100vw, 24px\" \/> will display a short summary in the preview window <img loading=\"lazy\" decoding=\"async\" width=\"24\" height=\"24\" class=\"wp-image-280\" style=\"width: 24px;\" src=\"http:\/\/buildandplay.fr\/wp-content\/uploads\/2025\/04\/Number-2-icon.png\" alt=\"\" srcset=\"https:\/\/buildandplay.fr\/wp-content\/uploads\/2025\/04\/Number-2-icon.png 256w, https:\/\/buildandplay.fr\/wp-content\/uploads\/2025\/04\/Number-2-icon-150x150.png 150w\" sizes=\"auto, (max-width: 24px) 100vw, 24px\" \/>, below the game logo and various links to websites providing more information about the game. This information may vary significantly depending on the information contained in the package.<\/p>\n\n\n\n<p>Double-clicking on the game name will start editing with the basic configuration.<\/p>\n\n\n\n<p>You can also select game add-ons, if they are available through the downloaded packages, add-ons for the game <img loading=\"lazy\" decoding=\"async\" width=\"24\" height=\"24\" class=\"wp-image-282\" style=\"width: 24px;\" src=\"http:\/\/buildandplay.fr\/wp-content\/uploads\/2025\/04\/Number-3-icon.png\" alt=\"\" srcset=\"https:\/\/buildandplay.fr\/wp-content\/uploads\/2025\/04\/Number-3-icon.png 256w, https:\/\/buildandplay.fr\/wp-content\/uploads\/2025\/04\/Number-3-icon-150x150.png 150w\" sizes=\"auto, (max-width: 24px) 100vw, 24px\" \/> . For example, Zombicide V2 comes with Fort Hendrix and Washington Z.C., which means that you can make all the material available in these add-ons available during your edition. Please also note that some packages, such as SAS Rogue Regiment, include the core box and add-ons.<\/p>\n\n\n\n<figure class=\"wp-block-image size-full\"><img loading=\"lazy\" decoding=\"async\" width=\"877\" height=\"562\" src=\"http:\/\/buildandplay.fr\/wp-content\/uploads\/2025\/04\/Help-03.jpg\" alt=\"\" class=\"wp-image-286\" srcset=\"https:\/\/buildandplay.fr\/wp-content\/uploads\/2025\/04\/Help-03.jpg 877w, https:\/\/buildandplay.fr\/wp-content\/uploads\/2025\/04\/Help-03-300x192.jpg 300w, https:\/\/buildandplay.fr\/wp-content\/uploads\/2025\/04\/Help-03-768x492.jpg 768w\" sizes=\"auto, (max-width: 877px) 100vw, 877px\" \/><\/figure>\n\n\n\n<p>The templates zone <img loading=\"lazy\" decoding=\"async\" width=\"24\" height=\"24\" class=\"wp-image-279\" style=\"width: 24px;\" src=\"http:\/\/buildandplay.fr\/wp-content\/uploads\/2025\/04\/Number-1-icon.png\" alt=\"\" srcset=\"https:\/\/buildandplay.fr\/wp-content\/uploads\/2025\/04\/Number-1-icon.png 256w, https:\/\/buildandplay.fr\/wp-content\/uploads\/2025\/04\/Number-1-icon-150x150.png 150w\" sizes=\"auto, (max-width: 24px) 100vw, 24px\" \/> offers templates, i.e. game boards already equipped with materials. For example, Memoir '44, which is included in the basic software package, offers two templates: Beach and Countryside, which are simply game areas with the boards already positioned, nothing more. Of course, depending on what the package offers, the templates may be more or less extensive and may include more or less material already in place.<\/p>\n\n\n\n<figure class=\"wp-block-image size-full\"><img loading=\"lazy\" decoding=\"async\" width=\"877\" height=\"562\" src=\"http:\/\/buildandplay.fr\/wp-content\/uploads\/2025\/04\/Help-04.jpg\" alt=\"\" class=\"wp-image-289\" srcset=\"https:\/\/buildandplay.fr\/wp-content\/uploads\/2025\/04\/Help-04.jpg 877w, https:\/\/buildandplay.fr\/wp-content\/uploads\/2025\/04\/Help-04-300x192.jpg 300w, https:\/\/buildandplay.fr\/wp-content\/uploads\/2025\/04\/Help-04-768x492.jpg 768w\" sizes=\"auto, (max-width: 877px) 100vw, 877px\" \/><\/figure>\n\n\n\n<p>The \u201ccustom\" template is a very special template, as it allows you to create your own custom mission by adjusting various settings. For example, with the Zombicide V2 package, you will first be able to define the size of your play area in the global configuration panel. <img loading=\"lazy\" decoding=\"async\" width=\"24\" height=\"24\" class=\"wp-image-279\" style=\"width: 24px;\" src=\"http:\/\/buildandplay.fr\/wp-content\/uploads\/2025\/04\/Number-1-icon.png\" alt=\"\" srcset=\"https:\/\/buildandplay.fr\/wp-content\/uploads\/2025\/04\/Number-1-icon.png 256w, https:\/\/buildandplay.fr\/wp-content\/uploads\/2025\/04\/Number-1-icon-150x150.png 150w\" sizes=\"auto, (max-width: 24px) 100vw, 24px\" \/> , i.e. the number of squares that will be on the board on which you will place your components (Width x Height). Other options are available, but we will not dwell on them now.<\/p>\n\n\n\n<p>The \u201cCustom Board Option\u201d panel <img loading=\"lazy\" decoding=\"async\" width=\"24\" height=\"24\" class=\"wp-image-280\" style=\"width: 24px;\" src=\"http:\/\/buildandplay.fr\/wp-content\/uploads\/2025\/04\/Number-2-icon.png\" alt=\"\" srcset=\"https:\/\/buildandplay.fr\/wp-content\/uploads\/2025\/04\/Number-2-icon.png 256w, https:\/\/buildandplay.fr\/wp-content\/uploads\/2025\/04\/Number-2-icon-150x150.png 150w\" sizes=\"auto, (max-width: 24px) 100vw, 24px\" \/> will only appear if the package provides for it. These are options specific to the package, designed for the package. In this case, you can select \u201cInfinite Zombies!\u201d, which will give you an infinite number of zombies when editing, rather than the limit of what is in the box.<\/p>\n\n\n\n<p>These options, specific to each package, can vary greatly and may also be absent, depending, of course, on what the package designer has provided for.<\/p>\n\n\n\n<figure class=\"wp-block-image size-large\"><img loading=\"lazy\" decoding=\"async\" width=\"1024\" height=\"550\" src=\"http:\/\/buildandplay.fr\/wp-content\/uploads\/2025\/04\/Help-05-1024x550.jpg\" alt=\"\" class=\"wp-image-291\" srcset=\"https:\/\/buildandplay.fr\/wp-content\/uploads\/2025\/04\/Help-05-1024x550.jpg 1024w, https:\/\/buildandplay.fr\/wp-content\/uploads\/2025\/04\/Help-05-300x161.jpg 300w, https:\/\/buildandplay.fr\/wp-content\/uploads\/2025\/04\/Help-05-768x413.jpg 768w, https:\/\/buildandplay.fr\/wp-content\/uploads\/2025\/04\/Help-05-1536x826.jpg 1536w, https:\/\/buildandplay.fr\/wp-content\/uploads\/2025\/04\/Help-05.jpg 1920w\" sizes=\"auto, (max-width: 1024px) 100vw, 1024px\" \/><\/figure>\n\n\n\n<p>If you double-click on \u201cZombicide V2\u201d in the right-hand column, you will be ready to start editing, with an empty board.<\/p>\n\n\n\n<p>Now that you know how to create an empty tray, the next step is to fill it. You can continue with the next tutorial: \"\u00a0<a href=\"http:\/\/buildandplay.fr\/en\/?page_id=294\" data-type=\"page\" data-id=\"294\">Edtion : basics<\/a>\".<\/p>\n\n\n\n<p><\/p>","protected":false},"excerpt":{"rendered":"<p>Une fois le logiciel d\u00e9marr\u00e9, vous vous retrouverez sur la page de d\u00e9marrage. Si vous avez d\u00e9j\u00e0 travaill\u00e9 avec le logiciel, les derni\u00e8res sauvegardes vous seront propos\u00e9es en acc\u00e8s rapide . La bande de droite vous propose une s\u00e9rie d&rsquo;outils. Vous allez pouvoir, de haut en bas, cr\u00e9er un nouveau projet, ouvrir un projet en<\/p>\n<p class=\"more-link\"><a href=\"https:\/\/buildandplay.fr\/en\/demarrer-avec-le-logiciel\/\" class=\"themebutton2\">Read More<\/a><\/p>","protected":false},"author":1,"featured_media":0,"parent":0,"menu_order":0,"comment_status":"closed","ping_status":"closed","template":"","meta":{"footnotes":""},"class_list":["post-278","page","type-page","status-publish","hentry"],"_links":{"self":[{"href":"https:\/\/buildandplay.fr\/en\/wp-json\/wp\/v2\/pages\/278","targetHints":{"allow":["GET"]}}],"collection":[{"href":"https:\/\/buildandplay.fr\/en\/wp-json\/wp\/v2\/pages"}],"about":[{"href":"https:\/\/buildandplay.fr\/en\/wp-json\/wp\/v2\/types\/page"}],"author":[{"embeddable":true,"href":"https:\/\/buildandplay.fr\/en\/wp-json\/wp\/v2\/users\/1"}],"replies":[{"embeddable":true,"href":"https:\/\/buildandplay.fr\/en\/wp-json\/wp\/v2\/comments?post=278"}],"version-history":[{"count":7,"href":"https:\/\/buildandplay.fr\/en\/wp-json\/wp\/v2\/pages\/278\/revisions"}],"predecessor-version":[{"id":314,"href":"https:\/\/buildandplay.fr\/en\/wp-json\/wp\/v2\/pages\/278\/revisions\/314"}],"wp:attachment":[{"href":"https:\/\/buildandplay.fr\/en\/wp-json\/wp\/v2\/media?parent=278"}],"curies":[{"name":"wp","href":"https:\/\/api.w.org\/{rel}","templated":true}]}}