{"id":271,"date":"2025-04-14T14:41:25","date_gmt":"2025-04-14T14:41:25","guid":{"rendered":"http:\/\/buildandplay.fr\/?page_id=271"},"modified":"2025-04-14T14:41:25","modified_gmt":"2025-04-14T14:41:25","slug":"installation-du-logiciel","status":"publish","type":"page","link":"https:\/\/buildandplay.fr\/en\/installation-du-logiciel\/","title":{"rendered":"Installation"},"content":{"rendered":"<p>Go to the <a href=\"http:\/\/buildandplay.fr\/en\/?page_id=27\" data-type=\"page\" data-id=\"27\">DOWNLOADS<\/a> page and download the latest version. It is a ZIP archive, so it can be managed natively by Windows.<\/p>\n\n\n\n<p>Create a folder on your hard drive and unzip the archive into it. To do this, simply double-click on the file you just downloaded, select (CTRL + A) all the files inside, copy them (CTRL + C) and paste them (CTRL + V) into the folder you just created.<\/p>\n\n\n\n<p>Once decompression is complete, the software is ready! Start it by double-clicking on \u201cBuild and Play.exe.\u201d<\/p>\n\n\n\n<p>If the software does not start, you most likely need to install the Microsoft Visual Studio redistributables. These are files that link the code to the development environment. The necessary file is in the archive and is called \u201cVC_redist.x64.exe\u201d (you can also download them from the official Microsoft website).<\/p>","protected":false},"excerpt":{"rendered":"<p>Rendez-vous dans la zone T\u00c9L\u00c9CHARGEMENTS et t\u00e9l\u00e9chargez la derni\u00e8re version en date. Il s&rsquo;agit d&rsquo;une archive ZIP, donc totalement g\u00e9rable nativement par Windows. Cr\u00e9ez un r\u00e9pertoire sur votre disque dur et d\u00e9compressez-y l&rsquo;archive. Pour ce faire, double cliquez simplement sur le fichier que vous venez de t\u00e9l\u00e9charger, s\u00e9lectionnez (CTRL + A) tous les fichiers \u00e0<\/p>\n<p class=\"more-link\"><a href=\"https:\/\/buildandplay.fr\/en\/installation-du-logiciel\/\" class=\"themebutton2\">Read More<\/a><\/p>","protected":false},"author":1,"featured_media":0,"parent":0,"menu_order":0,"comment_status":"closed","ping_status":"closed","template":"","meta":{"footnotes":""},"class_list":["post-271","page","type-page","status-publish","hentry"],"_links":{"self":[{"href":"https:\/\/buildandplay.fr\/en\/wp-json\/wp\/v2\/pages\/271","targetHints":{"allow":["GET"]}}],"collection":[{"href":"https:\/\/buildandplay.fr\/en\/wp-json\/wp\/v2\/pages"}],"about":[{"href":"https:\/\/buildandplay.fr\/en\/wp-json\/wp\/v2\/types\/page"}],"author":[{"embeddable":true,"href":"https:\/\/buildandplay.fr\/en\/wp-json\/wp\/v2\/users\/1"}],"replies":[{"embeddable":true,"href":"https:\/\/buildandplay.fr\/en\/wp-json\/wp\/v2\/comments?post=271"}],"version-history":[{"count":1,"href":"https:\/\/buildandplay.fr\/en\/wp-json\/wp\/v2\/pages\/271\/revisions"}],"predecessor-version":[{"id":272,"href":"https:\/\/buildandplay.fr\/en\/wp-json\/wp\/v2\/pages\/271\/revisions\/272"}],"wp:attachment":[{"href":"https:\/\/buildandplay.fr\/en\/wp-json\/wp\/v2\/media?parent=271"}],"curies":[{"name":"wp","href":"https:\/\/api.w.org\/{rel}","templated":true}]}}